{"id":30,"date":"2021-04-12T12:11:49","date_gmt":"2021-04-12T10:11:49","guid":{"rendered":"https:\/\/blconf.uwr.edu.pl\/?page_id=30"},"modified":"2025-03-31T08:50:02","modified_gmt":"2025-03-31T06:50:02","slug":"strona-glowna","status":"publish","type":"page","link":"https:\/\/blconf.uwr.edu.pl\/pl\/","title":{"rendered":"Strona G\u0142\u00f3wna"},"content":{"rendered":"\n<div class=\"bs_add_mobile_custom_menu\"><\/div>\n\n\n\n<div class=\"wp-block-columns bs-section-baner bs_add_contained_custom_menu is-layout-flex wp-block-columns-is-layout-flex\">\n<div class=\"wp-block-column bs-baner-first-column is-layout-flow wp-block-column-is-layout-flow\" style=\"flex-basis:60%\"><div class=\"n2_clear\"><ss3-force-full-width data-overflow-x=\"body\" data-horizontal-selector=\"body\"><div class=\"n2-section-smartslider fitvidsignore  n2_clear\" data-ssid=\"7\"><div id=\"n2-ss-7-align\" class=\"n2-ss-align\"><div class=\"n2-padding\"><div id=\"n2-ss-7\" data-creator=\"Smart Slider 3\" data-responsive=\"fullwidth\" class=\"n2-ss-slider n2-ow n2-has-hover n2notransition  \"><div class=\"n2-ss-slider-wrapper-inside\">\n        <div class=\"n2-ss-slider-1 n2_ss__touch_element n2-ow\">\n            <div class=\"n2-ss-slider-2 n2-ow\">\n                                                <div class=\"n2-ss-slider-3 n2-ow\">\n\n                    <div class=\"n2-ss-slide-backgrounds n2-ow-all\"><div class=\"n2-ss-slide-background\" data-public-id=\"1\" data-mode=\"fit\"><div class=\"n2-ss-slide-background-image\" data-blur=\"0\" data-opacity=\"100\" data-x=\"50\" data-y=\"50\" data-alt=\"Banner Beyond Language\" data-title=\"\"><picture class=\"skip-lazy\" data-skip-lazy=\"1\"><img decoding=\"async\" src=\"\/\/blconf.uwr.edu.pl\/wp-content\/uploads\/sites\/822\/2025\/12\/thumbnail_Beyond-Language_2024_baner-www_propozycje_02.jpg\" alt=\"Banner Beyond Language\" title=\"\" loading=\"lazy\" class=\"skip-lazy\" data-skip-lazy=\"1\"><\/picture><\/div><div data-color=\"RGBA(255,255,255,0)\" style=\"background-color: RGBA(255,255,255,0);\" class=\"n2-ss-slide-background-color\"><\/div><\/div><div class=\"n2-ss-slide-background\" data-public-id=\"2\" data-mode=\"fit\" aria-hidden=\"true\"><div class=\"n2-ss-slide-background-image\" data-blur=\"0\" data-opacity=\"100\" data-x=\"50\" data-y=\"50\" data-alt=\"Banner Akademia Tutoringu\" data-title=\"\"><picture class=\"skip-lazy\" data-skip-lazy=\"1\"><img decoding=\"async\" src=\"\/\/blconf.uwr.edu.pl\/wp-content\/uploads\/sites\/822\/2026\/01\/bl-conf-banner.png\" alt=\"Banner Akademia Tutoringu\" title=\"\" loading=\"lazy\" class=\"skip-lazy\" data-skip-lazy=\"1\"><\/picture><\/div><div data-color=\"RGBA(255,255,255,0)\" style=\"background-color: RGBA(255,255,255,0);\" class=\"n2-ss-slide-background-color\"><\/div><\/div><\/div>                    <div class=\"n2-ss-slider-4 n2-ow\">\n                        <svg xmlns=\"http:\/\/www.w3.org\/2000\/svg\" viewBox=\"0 0 1920 1000\" data-related-device=\"desktopPortrait\" class=\"n2-ow n2-ss-preserve-size n2-ss-preserve-size--slider n2-ss-slide-limiter\"><\/svg><div data-first=\"1\" data-slide-duration=\"0\" data-id=\"55\" data-slide-public-id=\"1\" data-title=\"thumbnail_Beyond Language_2024_baner www_propozycje_02\" class=\"n2-ss-slide n2-ow  n2-ss-slide-55\"><div role=\"note\" class=\"n2-ss-slide--focus\" tabindex=\"-1\">thumbnail_Beyond Language_2024_baner www_propozycje_02<\/div><div class=\"n2-ss-layers-container n2-ss-slide-limiter n2-ow\"><div class=\"n2-ss-layer n2-ow n-uc-bz9pA2wrJ8u6\" data-sstype=\"slide\" data-pm=\"default\"><\/div><\/div><\/div><div data-slide-duration=\"0\" data-id=\"52\" data-slide-public-id=\"2\" aria-hidden=\"true\" data-title=\"bl conf banner\" class=\"n2-ss-slide n2-ow  n2-ss-slide-52\"><div role=\"note\" class=\"n2-ss-slide--focus\" tabindex=\"-1\">bl conf banner<\/div><div class=\"n2-ss-layers-container n2-ss-slide-limiter n2-ow\"><div class=\"n2-ss-layer n2-ow n-uc-mPEdzWvaQTGO\" data-sstype=\"slide\" data-pm=\"default\"><\/div><\/div><\/div>                    <\/div>\n\n                                    <\/div>\n            <\/div>\n        <\/div>\n        <div class=\"n2-ss-slider-controls n2-ss-slider-controls-absolute-left-center\"><div style=\"--widget-offset:15px;\" class=\"n2-ss-widget nextend-arrow n2-ow-all nextend-arrow-previous  nextend-arrow-animated-fade\" data-hide-mobileportrait=\"1\" id=\"n2-ss-7-arrow-previous\" role=\"button\" aria-label=\"previous arrow\" tabindex=\"0\"><img loading=\"lazy\" decoding=\"async\" width=\"32\" height=\"32\" class=\"skip-lazy\" data-skip-lazy=\"1\" src=\"data:image\/svg+xml;base64,PHN2ZyB3aWR0aD0iMzIiIGhlaWdodD0iMzIiIHZpZXdCb3g9IjAgMCAzMiAzMiIgeG1sbnM9Imh0dHA6Ly93d3cudzMub3JnLzIwMDAvc3ZnIj4KICAgIDxwYXRoIGQ9Ik0xMS40MzMgMTUuOTkyTDIyLjY5IDUuNzEyYy4zOTMtLjM5LjM5My0xLjAzIDAtMS40Mi0uMzkzLS4zOS0xLjAzLS4zOS0xLjQyMyAwbC0xMS45OCAxMC45NGMtLjIxLjIxLS4zLjQ5LS4yODUuNzYtLjAxNS4yOC4wNzUuNTYuMjg0Ljc3bDExLjk4IDEwLjk0Yy4zOTMuMzkgMS4wMy4zOSAxLjQyNCAwIC4zOTMtLjQuMzkzLTEuMDMgMC0xLjQybC0xMS4yNTctMTAuMjkiCiAgICAgICAgICBmaWxsPSIjZmZmZmZmIiBvcGFjaXR5PSIwLjgiIGZpbGwtcnVsZT0iZXZlbm9kZCIvPgo8L3N2Zz4=\" alt=\"previous arrow\"><\/div><\/div><div class=\"n2-ss-slider-controls n2-ss-slider-controls-absolute-right-center\"><div style=\"--widget-offset:15px;\" class=\"n2-ss-widget nextend-arrow n2-ow-all nextend-arrow-next  nextend-arrow-animated-fade\" data-hide-mobileportrait=\"1\" id=\"n2-ss-7-arrow-next\" role=\"button\" aria-label=\"next arrow\" tabindex=\"0\"><img loading=\"lazy\" decoding=\"async\" width=\"32\" height=\"32\" class=\"skip-lazy\" data-skip-lazy=\"1\" src=\"data:image\/svg+xml;base64,PHN2ZyB3aWR0aD0iMzIiIGhlaWdodD0iMzIiIHZpZXdCb3g9IjAgMCAzMiAzMiIgeG1sbnM9Imh0dHA6Ly93d3cudzMub3JnLzIwMDAvc3ZnIj4KICAgIDxwYXRoIGQ9Ik0xMC43MjIgNC4yOTNjLS4zOTQtLjM5LTEuMDMyLS4zOS0xLjQyNyAwLS4zOTMuMzktLjM5MyAxLjAzIDAgMS40MmwxMS4yODMgMTAuMjgtMTEuMjgzIDEwLjI5Yy0uMzkzLjM5LS4zOTMgMS4wMiAwIDEuNDIuMzk1LjM5IDEuMDMzLjM5IDEuNDI3IDBsMTIuMDA3LTEwLjk0Yy4yMS0uMjEuMy0uNDkuMjg0LS43Ny4wMTQtLjI3LS4wNzYtLjU1LS4yODYtLjc2TDEwLjcyIDQuMjkzeiIKICAgICAgICAgIGZpbGw9IiNmZmZmZmYiIG9wYWNpdHk9IjAuOCIgZmlsbC1ydWxlPSJldmVub2RkIi8+Cjwvc3ZnPg==\" alt=\"next arrow\"><\/div><\/div><\/div><\/div><ss3-loader><\/ss3-loader><\/div><\/div><div class=\"n2_clear\"><\/div><\/div><\/ss3-force-full-width><\/div>\n\n\n<div class=\"wp-block-image bs-baner-strzalka\"><figure class=\"alignright size-large\"><img loading=\"lazy\" decoding=\"async\" width=\"77\" height=\"77\" src=\"https:\/\/blconf.uwr.edu.pl\/wp-content\/uploads\/sites\/822\/2022\/06\/Group-609-1-3.svg\" alt=\"Strza\u0142ka w d\u00f3\u0142\" class=\"wp-image-22621\"\/><\/figure><\/div>\n\n\n\n<p><\/p>\n<\/div>\n\n\n\n<div class=\"wp-block-column is-layout-flow wp-block-column-is-layout-flow\" style=\"flex-basis:5%\"><\/div>\n\n\n\n<div class=\"wp-block-column bs-baner-second-column is-layout-flow wp-block-column-is-layout-flow\" style=\"flex-basis:40%\">\n<div style=\"height:100px\" aria-hidden=\"true\" class=\"wp-block-spacer\"><\/div>\n\n\n\n<h2 class=\"wp-block-heading\"><span style=\"color: #000000\" class=\"ugb-highlight\">Nazwa witryny<\/span><\/h2>\n\n\n\n<div class=\"wp-block-columns is-layout-flex wp-block-columns-is-layout-flex\">\n<div class=\"wp-block-column odstep-prawy is-layout-flow wp-block-column-is-layout-flow\">\n<p>Opis witryny.<\/p>\n<\/div>\n<\/div>\n\n\n\r\n<div class=\"bs_block__container\">\r\n    <a title=\"Dowiedz si\u0119 wi\u0119cej\" class=\"button2__link\" href=\"#\">\r\n        <div class=\"button2\">\r\n            <span class=\"c-button__arrow2\">\r\n                <svg class=\"c-arrow2\" width=\"40px\" height=\"40px\" alt=\"\" viewBox=\"0 0 22 16\" version=\"1.1\">\r\n                    <g class=\"c-arrow__g2\" stroke=\"none\" strokeWidth=\"1\" fill=\"none\" fillRule=\"evenodd\">\r\n                        <g class=\"c-arrow__g2\">\r\n                            <rect id=\"c-arrow__rect2\" x=\"0\" y=\"7\" width=\"20\" height=\"2\" transform=\"scale(0,1)\" \/>\r\n                            <polygon points=\"13.4875 0 12 1.6215 18.7875 8 12 14.3795 13.4875 16 21.9995 8\" \/>\r\n                        <\/g>\r\n                    <\/g>\r\n                <\/svg>\r\n            <\/span>\r\n            <span class=\"c-button__inner2\">Dowiedz si\u0119 wi\u0119cej<\/span>\r\n        <\/div>\r\n    <\/a>\r\n<\/div>\n\n\n<div class=\"wp-block-image bs-baner-badawcza\"><figure class=\"alignright size-full\"><img loading=\"lazy\" decoding=\"async\" width=\"1024\" height=\"502\" src=\"https:\/\/blconf.uwr.edu.pl\/wp-content\/uploads\/sites\/822\/2021\/04\/213@2x-1024x502-1.webp\" alt=\"Uczelnia badawcza - banner\" class=\"wp-image-22629\" srcset=\"https:\/\/blconf.uwr.edu.pl\/wp-content\/uploads\/sites\/822\/2021\/04\/213@2x-1024x502-1.webp 1024w, https:\/\/blconf.uwr.edu.pl\/wp-content\/uploads\/sites\/822\/2021\/04\/213@2x-1024x502-1-300x147.webp 300w, https:\/\/blconf.uwr.edu.pl\/wp-content\/uploads\/sites\/822\/2021\/04\/213@2x-1024x502-1-768x377.webp 768w, https:\/\/blconf.uwr.edu.pl\/wp-content\/uploads\/sites\/822\/2021\/04\/213@2x-1024x502-1-24x12.webp 24w, https:\/\/blconf.uwr.edu.pl\/wp-content\/uploads\/sites\/822\/2021\/04\/213@2x-1024x502-1-36x18.webp 36w, https:\/\/blconf.uwr.edu.pl\/wp-content\/uploads\/sites\/822\/2021\/04\/213@2x-1024x502-1-48x24.webp 48w\" sizes=\"auto, (max-width: 1024px) 100vw, 1024px\" \/><figcaption><a href=\"https:\/\/badawczy.uwr.edu.pl\/\" target=\"_blank\" rel=\"noreferrer noopener\"><\/a><\/figcaption><\/figure><\/div>\n<\/div>\n<\/div>\n\n\n<div id=\"NewsID\" class=\"aktualnosci-block aktualnosci-block \">\n    <h2 class=\"aktualnosci-block-naglowek aktualnosci-block-naglowek\">Aktualno\u015bci<\/h2>    <div class=\"row\">\n        There is no news to display    <\/div>\n    <div class=\"box-clear\"><\/div>\n<\/div>\n\n\n<div id=\"EventsID\" class=\" wydarzenia-block wydarzenia-block \">\n            <h2 class=\"wydarzenia-block-naglowek wydarzenia-block-naglowek\">Wydarzenia<\/h2>\n        There is no news to display<\/div>\n\n\n<div id=\"ogloszenia-block\" class=\"ogloszenia-block \">\r\n        <h2 class=\"ogloszenia-block-naglowek\">Og\u0142oszenia<\/h2>\r\n        <div class=\"row\">\r\n                <div class=\"element-ogloszenia-more\">\r\n            <div class=\"element-ogloszenia-wrap-more\">\r\n                <a href=\"\/category\/ogloszenia\/\" title=\"przejd\u017a do Og\u0142oszenia\">\r\n                    <div class=\"button2\">\r\n                        <span class=\"c-button__arrow2\">\r\n                            <svg class=\"c-arrow2\" width=\"40px\" height=\"40px\" viewBox=\"0 0 22 16\" version=\"1.1\" xmlns=\"http:\/\/www.w3.org\/2000\/svg\" xmlns:xlink=\"http:\/\/www.w3.org\/1999\/xlink\">\r\n                                <g class=\"c-arrow__g2\" stroke=\"none\" stroke-width=\"1\" fill=\"none\" fill-rule=\"evenodd\">\r\n                                    <g class=\"c-arrow__g2\">\r\n                                        <rect class=\"\" id=\"c-arrow__rect2\" x=\"0\" y=\"7\" width=\"20\" height=\"2\" transform=\"scale(0,1)\"><\/rect>\r\n                                        <polygon points=\"13.4875 0 12 1.6215 18.7875 8 12 14.3795 13.4875 16 21.9995 8\"><\/polygon>\r\n                                    <\/g>\r\n                                <\/g>\r\n                            <\/svg>\r\n                        <\/span>\r\n                        <span class=\"c-button__inner2\"> Show All <\/span>\r\n                    <\/div>\r\n                <\/a>\r\n            <\/div>\r\n        <\/div>\r\n    <\/div>\r\n    <div class=\"clear\"><\/div>\r\n\r\n\r\n<\/div>\n\n\n<hr class=\"wp-block-separator has-text-color has-background is-style-wide bs-border-na-sztywno\" style=\"background-color:#fcbd30;color:#fcbd30\"\/>\n","protected":false},"excerpt":{"rendered":"<p>Nazwa witryny Opis witryny.<\/p>\n","protected":false},"author":37,"featured_media":0,"parent":0,"menu_order":0,"comment_status":"closed","ping_status":"closed","template":"","meta":{"_acf_changed":false,"inline_featured_image":false,"site-sidebar-layout":"no-sidebar","site-content-layout":"page-builder","ast-site-content-layout":"default","site-content-style":"default","site-sidebar-style":"default","ast-global-header-display":"","ast-banner-title-visibility":"","ast-main-header-display":"","ast-hfb-above-header-display":"","ast-hfb-below-header-display":"","ast-hfb-mobile-header-display":"","site-post-title":"disabled","ast-breadcrumbs-content":"","ast-featured-img":"","footer-sml-layout":"","ast-disable-related-posts":"","theme-transparent-header-meta":"default","adv-header-id-meta":"","stick-header-meta":"","header-above-stick-meta":"","header-main-stick-meta":"","header-below-stick-meta":"","astra-migrate-meta-layouts":"default","ast-page-background-enabled":"default","ast-page-background-meta":{"desktop":{"background-color":"","background-image":"","background-repeat":"repeat","background-position":"center center","background-size":"auto","background-attachment":"scroll","background-type":"","background-media":"","overlay-type":"","overlay-color":"","overlay-opacity":"","overlay-gradient":""},"tablet":{"background-color":"","background-image":"","background-repeat":"repeat","background-position":"center center","background-size":"auto","background-attachment":"scroll","background-type":"","background-media":"","overlay-type":"","overlay-color":"","overlay-opacity":"","overlay-gradient":""},"mobile":{"background-color":"","background-image":"","background-repeat":"repeat","background-position":"center center","background-size":"auto","background-attachment":"scroll","background-type":"","background-media":"","overlay-type":"","overlay-color":"","overlay-opacity":"","overlay-gradient":""}},"ast-content-background-meta":{"desktop":{"background-color":"var(--ast-global-color-5)","background-image":"","background-repeat":"repeat","background-position":"center center","background-size":"auto","background-attachment":"scroll","background-type":"","background-media":"","overlay-type":"","overlay-color":"","overlay-opacity":"","overlay-gradient":""},"tablet":{"background-color":"var(--ast-global-color-5)","background-image":"","background-repeat":"repeat","background-position":"center center","background-size":"auto","background-attachment":"scroll","background-type":"","background-media":"","overlay-type":"","overlay-color":"","overlay-opacity":"","overlay-gradient":""},"mobile":{"background-color":"var(--ast-global-color-5)","background-image":"","background-repeat":"repeat","background-position":"center center","background-size":"auto","background-attachment":"scroll","background-type":"","background-media":"","overlay-type":"","overlay-color":"","overlay-opacity":"","overlay-gradient":""}},"footnotes":""},"categories":[],"tags":[],"class_list":["post-30","page","type-page","status-publish","hentry"],"acf":[],"featured_image_urls_v2":{"full":"","thumbnail":"","medium":"","medium_large":"","large":"","1536x1536":"","2048x2048":"","menu-24x24":"","menu-36x36":"","menu-48x48":""},"post_excerpt_stackable_v2":"<p>thumbnail_Beyond Language_2024_baner www_propozycje_02bl conf banner Nazwa witryny Opis witryny. Dowiedz si\u0119 wi\u0119cej Aktualno\u015bci There is no news to display Wydarzenia There is no news to display Og\u0142oszenia Show All<\/p>\n","category_list_v2":"Bez kategorii","author_info_v2":{"name":"Izabela Jaraszek","url":"https:\/\/blconf.uwr.edu.pl\/pl\/author\/ijaraszek\/"},"comments_num_v2":"0 comments","yoast_head":"<!-- This site is optimized with the Yoast SEO plugin v27.1.1 - https:\/\/yoast.com\/product\/yoast-seo-wordpress\/ -->\n<title>Strona G\u0142\u00f3wna - Mi\u0119dzynarodowa Konferencja BEYOND LANGUAGE<\/title>\n<meta name=\"robots\" content=\"index, follow, max-snippet:-1, max-image-preview:large, max-video-preview:-1\" \/>\n<link rel=\"canonical\" href=\"https:\/\/blconf.uwr.edu.pl\/\" \/>\n<meta property=\"og:locale\" content=\"pl_PL\" \/>\n<meta property=\"og:type\" content=\"article\" \/>\n<meta property=\"og:title\" content=\"Strona G\u0142\u00f3wna - Mi\u0119dzynarodowa Konferencja BEYOND LANGUAGE\" \/>\n<meta property=\"og:description\" content=\"Nazwa witryny Opis witryny.\" \/>\n<meta property=\"og:url\" content=\"https:\/\/blconf.uwr.edu.pl\/\" \/>\n<meta property=\"og:site_name\" content=\"Mi\u0119dzynarodowa Konferencja BEYOND LANGUAGE\" \/>\n<meta property=\"article:modified_time\" content=\"2025-03-31T06:50:02+00:00\" \/>\n<meta name=\"twitter:card\" content=\"summary_large_image\" \/>\n<meta name=\"twitter:label1\" content=\"Szacowany czas czytania\" \/>\n\t<meta name=\"twitter:data1\" content=\"1 minuta\" \/>\n<script type=\"application\/ld+json\" class=\"yoast-schema-graph\">{\"@context\":\"https:\/\/schema.org\",\"@graph\":[{\"@type\":\"WebPage\",\"@id\":\"https:\/\/blconf.uwr.edu.pl\/\",\"url\":\"https:\/\/blconf.uwr.edu.pl\/\",\"name\":\"Strona G\u0142\u00f3wna - Mi\u0119dzynarodowa Konferencja BEYOND LANGUAGE\",\"isPartOf\":{\"@id\":\"https:\/\/blconf.uwr.edu.pl\/#website\"},\"primaryImageOfPage\":{\"@id\":\"https:\/\/blconf.uwr.edu.pl\/#primaryimage\"},\"image\":{\"@id\":\"https:\/\/blconf.uwr.edu.pl\/#primaryimage\"},\"thumbnailUrl\":\"https:\/\/blconf.uwr.edu.pl\/wp-content\/uploads\/sites\/822\/2022\/06\/Group-609-1-3.svg\",\"datePublished\":\"2021-04-12T10:11:49+00:00\",\"dateModified\":\"2025-03-31T06:50:02+00:00\",\"breadcrumb\":{\"@id\":\"https:\/\/blconf.uwr.edu.pl\/#breadcrumb\"},\"inLanguage\":\"pl-PL\",\"potentialAction\":[{\"@type\":\"ReadAction\",\"target\":[\"https:\/\/blconf.uwr.edu.pl\/\"]}]},{\"@type\":\"ImageObject\",\"inLanguage\":\"pl-PL\",\"@id\":\"https:\/\/blconf.uwr.edu.pl\/#primaryimage\",\"url\":\"https:\/\/blconf.uwr.edu.pl\/wp-content\/uploads\/sites\/822\/2022\/06\/Group-609-1-3.svg\",\"contentUrl\":\"https:\/\/blconf.uwr.edu.pl\/wp-content\/uploads\/sites\/822\/2022\/06\/Group-609-1-3.svg\"},{\"@type\":\"BreadcrumbList\",\"@id\":\"https:\/\/blconf.uwr.edu.pl\/#breadcrumb\",\"itemListElement\":[{\"@type\":\"ListItem\",\"position\":1,\"name\":\"Strona g\u0142\u00f3wna\",\"item\":\"https:\/\/blconf.uwr.edu.pl\/\"},{\"@type\":\"ListItem\",\"position\":2,\"name\":\"Strona G\u0142\u00f3wna\"}]},{\"@type\":\"WebSite\",\"@id\":\"https:\/\/blconf.uwr.edu.pl\/#website\",\"url\":\"https:\/\/blconf.uwr.edu.pl\/\",\"name\":\"Mi\u0119dzynarodowa Konferencja BEYOND LANGUAGE\",\"description\":\"Kolejna witryna sieci \u201eUWR Witryny\u201d\",\"publisher\":{\"@id\":\"https:\/\/blconf.uwr.edu.pl\/#organization\"},\"potentialAction\":[{\"@type\":\"SearchAction\",\"target\":{\"@type\":\"EntryPoint\",\"urlTemplate\":\"https:\/\/blconf.uwr.edu.pl\/?s={search_term_string}\"},\"query-input\":{\"@type\":\"PropertyValueSpecification\",\"valueRequired\":true,\"valueName\":\"search_term_string\"}}],\"inLanguage\":\"pl-PL\"},{\"@type\":\"Organization\",\"@id\":\"https:\/\/blconf.uwr.edu.pl\/#organization\",\"name\":\"Mi\u0119dzynarodowa Konferencja BEYOND LANGUAGE\",\"url\":\"https:\/\/blconf.uwr.edu.pl\/\",\"logo\":{\"@type\":\"ImageObject\",\"inLanguage\":\"pl-PL\",\"@id\":\"https:\/\/blconf.uwr.edu.pl\/#\/schema\/logo\/image\/\",\"url\":\"https:\/\/blconf.uwr.edu.pl\/wp-content\/uploads\/sites\/822\/2025\/10\/UWr-logotyp-2025.png\",\"contentUrl\":\"https:\/\/blconf.uwr.edu.pl\/wp-content\/uploads\/sites\/822\/2025\/10\/UWr-logotyp-2025.png\",\"width\":764,\"height\":269,\"caption\":\"Mi\u0119dzynarodowa Konferencja BEYOND LANGUAGE\"},\"image\":{\"@id\":\"https:\/\/blconf.uwr.edu.pl\/#\/schema\/logo\/image\/\"}}]}<\/script>\n<!-- \/ Yoast SEO plugin. -->","yoast_head_json":{"title":"Strona G\u0142\u00f3wna - Mi\u0119dzynarodowa Konferencja BEYOND LANGUAGE","robots":{"index":"index","follow":"follow","max-snippet":"max-snippet:-1","max-image-preview":"max-image-preview:large","max-video-preview":"max-video-preview:-1"},"canonical":"https:\/\/blconf.uwr.edu.pl\/","og_locale":"pl_PL","og_type":"article","og_title":"Strona G\u0142\u00f3wna - Mi\u0119dzynarodowa Konferencja BEYOND LANGUAGE","og_description":"Nazwa witryny Opis witryny.","og_url":"https:\/\/blconf.uwr.edu.pl\/","og_site_name":"Mi\u0119dzynarodowa Konferencja BEYOND LANGUAGE","article_modified_time":"2025-03-31T06:50:02+00:00","twitter_card":"summary_large_image","twitter_misc":{"Szacowany czas czytania":"1 minuta"},"schema":{"@context":"https:\/\/schema.org","@graph":[{"@type":"WebPage","@id":"https:\/\/blconf.uwr.edu.pl\/","url":"https:\/\/blconf.uwr.edu.pl\/","name":"Strona G\u0142\u00f3wna - Mi\u0119dzynarodowa Konferencja BEYOND LANGUAGE","isPartOf":{"@id":"https:\/\/blconf.uwr.edu.pl\/#website"},"primaryImageOfPage":{"@id":"https:\/\/blconf.uwr.edu.pl\/#primaryimage"},"image":{"@id":"https:\/\/blconf.uwr.edu.pl\/#primaryimage"},"thumbnailUrl":"https:\/\/blconf.uwr.edu.pl\/wp-content\/uploads\/sites\/822\/2022\/06\/Group-609-1-3.svg","datePublished":"2021-04-12T10:11:49+00:00","dateModified":"2025-03-31T06:50:02+00:00","breadcrumb":{"@id":"https:\/\/blconf.uwr.edu.pl\/#breadcrumb"},"inLanguage":"pl-PL","potentialAction":[{"@type":"ReadAction","target":["https:\/\/blconf.uwr.edu.pl\/"]}]},{"@type":"ImageObject","inLanguage":"pl-PL","@id":"https:\/\/blconf.uwr.edu.pl\/#primaryimage","url":"https:\/\/blconf.uwr.edu.pl\/wp-content\/uploads\/sites\/822\/2022\/06\/Group-609-1-3.svg","contentUrl":"https:\/\/blconf.uwr.edu.pl\/wp-content\/uploads\/sites\/822\/2022\/06\/Group-609-1-3.svg"},{"@type":"BreadcrumbList","@id":"https:\/\/blconf.uwr.edu.pl\/#breadcrumb","itemListElement":[{"@type":"ListItem","position":1,"name":"Strona g\u0142\u00f3wna","item":"https:\/\/blconf.uwr.edu.pl\/"},{"@type":"ListItem","position":2,"name":"Strona G\u0142\u00f3wna"}]},{"@type":"WebSite","@id":"https:\/\/blconf.uwr.edu.pl\/#website","url":"https:\/\/blconf.uwr.edu.pl\/","name":"Mi\u0119dzynarodowa Konferencja BEYOND LANGUAGE","description":"Kolejna witryna sieci \u201eUWR Witryny\u201d","publisher":{"@id":"https:\/\/blconf.uwr.edu.pl\/#organization"},"potentialAction":[{"@type":"SearchAction","target":{"@type":"EntryPoint","urlTemplate":"https:\/\/blconf.uwr.edu.pl\/?s={search_term_string}"},"query-input":{"@type":"PropertyValueSpecification","valueRequired":true,"valueName":"search_term_string"}}],"inLanguage":"pl-PL"},{"@type":"Organization","@id":"https:\/\/blconf.uwr.edu.pl\/#organization","name":"Mi\u0119dzynarodowa Konferencja BEYOND LANGUAGE","url":"https:\/\/blconf.uwr.edu.pl\/","logo":{"@type":"ImageObject","inLanguage":"pl-PL","@id":"https:\/\/blconf.uwr.edu.pl\/#\/schema\/logo\/image\/","url":"https:\/\/blconf.uwr.edu.pl\/wp-content\/uploads\/sites\/822\/2025\/10\/UWr-logotyp-2025.png","contentUrl":"https:\/\/blconf.uwr.edu.pl\/wp-content\/uploads\/sites\/822\/2025\/10\/UWr-logotyp-2025.png","width":764,"height":269,"caption":"Mi\u0119dzynarodowa Konferencja BEYOND LANGUAGE"},"image":{"@id":"https:\/\/blconf.uwr.edu.pl\/#\/schema\/logo\/image\/"}}]}},"publishpress_future_action":{"enabled":false,"date":"2026-04-14 18:56:04","action":"change-status","newStatus":"draft","terms":[],"taxonomy":"category","extraData":[]},"publishpress_future_workflow_manual_trigger":{"enabledWorkflows":[]},"_links":{"self":[{"href":"https:\/\/blconf.uwr.edu.pl\/pl\/wp-json\/wp\/v2\/pages\/30\/"}],"collection":[{"href":"https:\/\/blconf.uwr.edu.pl\/pl\/wp-json\/wp\/v2\/pages\/"}],"about":[{"href":"https:\/\/blconf.uwr.edu.pl\/pl\/wp-json\/wp\/v2\/types\/page\/"}],"author":[{"embeddable":true,"href":"https:\/\/blconf.uwr.edu.pl\/pl\/wp-json\/wp\/v2\/users\/37\/"}],"replies":[{"embeddable":true,"href":"https:\/\/blconf.uwr.edu.pl\/pl\/wp-json\/wp\/v2\/comments\/?post=30"}],"version-history":[{"count":8,"href":"https:\/\/blconf.uwr.edu.pl\/pl\/wp-json\/wp\/v2\/pages\/30\/revisions\/"}],"predecessor-version":[{"id":24417,"href":"https:\/\/blconf.uwr.edu.pl\/pl\/wp-json\/wp\/v2\/pages\/30\/revisions\/24417\/"}],"wp:attachment":[{"href":"https:\/\/blconf.uwr.edu.pl\/pl\/wp-json\/wp\/v2\/media\/?parent=30"}],"wp:term":[{"taxonomy":"category","embeddable":true,"href":"https:\/\/blconf.uwr.edu.pl\/pl\/wp-json\/wp\/v2\/categories\/?post=30"},{"taxonomy":"post_tag","embeddable":true,"href":"https:\/\/blconf.uwr.edu.pl\/pl\/wp-json\/wp\/v2\/tags\/?post=30"}],"curies":[{"name":"wp","href":"https:\/\/api.w.org\/{rel}","templated":true}]}}